{"id":425,"date":"2025-06-13T14:02:43","date_gmt":"2025-06-13T14:02:43","guid":{"rendered":"https:\/\/colegiosantavictoria.cl\/newsite\/?page_id=425"},"modified":"2025-06-13T14:02:43","modified_gmt":"2025-06-13T14:02:43","slug":"uniforme-escolar","status":"publish","type":"page","link":"https:\/\/colegiosantavictoria.cl\/newsite\/uniforme-escolar\/","title":{"rendered":"Uniforme Escolar"},"content":{"rendered":"\n\n\n<br>\n\n\n<p><span style=\"color: rgb(246, 246, 246); font-size: 28px; font-weight: 600; text-align: center; font-family: inherit; font-style: inherit; font-variant-ligatures: inherit; font-variant-caps: inherit;\"><\/span><span color:=\"color:\" rgb=\"rgb\">Uniforme Escolar<\/span><\/p>\n<p class=\"p1\" style=\"margin-bottom:         font: 400 12.2px Tahoma; color: rgb(38, 38, 38); -webkit-text-stroke-color: rgb(38, 38, 38);\"><span class=\"s1\" style=\"font-kerning: none;\">Se establece un solo uniforme en el establecimiento dividido de dos modalidades:&nbsp;<\/span><\/p><p class=\"p1\" style=\"margin-bottom: 12.2px;; color: rgb(38, 38, 38); -webkit-text-stroke-color: rgb(38, 38, 38);\"><span class=\"s1\" style=\"font-kerning: none;\"><b>Uniforme Formal:&nbsp;<\/b>compuesto de falda cuadrille o pantal\u00f3n gris, calcetines grises, polera blanca cuello piqu\u00e9 y zapatos o zapatillas negras, para uso obligado en ceremonias espec\u00edficas como licenciaturas, graduaciones u otros que determine el colegio.<\/span><\/p><p class=\"p1\" style=\"margin-bottom: 1 color: rgb(38, 38, 38); -webkit-text-stroke-color: rgb(38, 38, 38);\"><span class=\"s1\" style=\"font-kerning: none;\"><b>Uniforme Deportivo:<\/b>&nbsp;compuesto de Buzo institucional, polera azul institucional y zapatillas.&nbsp;El buzo, Institucional o azul marino puede usarse durante todo el a\u00f1o, si no usa el uniforme formal.<\/span><\/p><p><span style=\"background-color: rgb(255, 255, 255); color: rgb(76, 137, 177); font-size: 28px; font-weight: 600; text-align: center; font-family: inherit; font-style: inherit; font-variant-ligatures: inherit; font-variant-caps: inherit;\"><\/span><span style=\"color: rgb(38, 38, 38); -webkit-text-stroke-color: rgb(38, 38, 38);\">A su vez, se establece una tercera opci\u00f3n, que ser\u00e1 buzo azul marino, sin logos ni otros colores, polera blanca sin logos ni otros colores, y zapatillas<\/span><span style=\"font-size: inherit; font-style: inherit; font-variant-ligatures: inherit; font-variant-caps: inherit; font-weight: inherit;\">.  <br><br>Promovemos especialmente la asistencia regular de los estudiantes y la colaboraci\u00f3n activa de las familias, fundamentales para una convivencia escolar positiva y el desarrollo integral de ni\u00f1os, ni\u00f1as y j\u00f3venes.<br><br><\/span><\/p>\n\n<p><\/p>\n\n\n\n\n\n\n\n\n\n\n\n\n\n\n\n\n\n","protected":false},"excerpt":{"rendered":"","protected":false},"author":1,"featured_media":0,"parent":0,"menu_order":0,"comment_status":"closed","ping_status":"closed","template":"","meta":{"pagelayer_contact_templates":[],"_pagelayer_content":"","footnotes":""},"class_list":["post-425","page","type-page","status-publish","hentry"],"_links":{"self":[{"href":"https:\/\/colegiosantavictoria.cl\/newsite\/wp-json\/wp\/v2\/pages\/425","targetHints":{"allow":["GET"]}}],"collection":[{"href":"https:\/\/colegiosantavictoria.cl\/newsite\/wp-json\/wp\/v2\/pages"}],"about":[{"href":"https:\/\/colegiosantavictoria.cl\/newsite\/wp-json\/wp\/v2\/types\/page"}],"author":[{"embeddable":true,"href":"https:\/\/colegiosantavictoria.cl\/newsite\/wp-json\/wp\/v2\/users\/1"}],"replies":[{"embeddable":true,"href":"https:\/\/colegiosantavictoria.cl\/newsite\/wp-json\/wp\/v2\/comments?post=425"}],"version-history":[{"count":2,"href":"https:\/\/colegiosantavictoria.cl\/newsite\/wp-json\/wp\/v2\/pages\/425\/revisions"}],"predecessor-version":[{"id":434,"href":"https:\/\/colegiosantavictoria.cl\/newsite\/wp-json\/wp\/v2\/pages\/425\/revisions\/434"}],"wp:attachment":[{"href":"https:\/\/colegiosantavictoria.cl\/newsite\/wp-json\/wp\/v2\/media?parent=425"}],"curies":[{"name":"wp","href":"https:\/\/api.w.org\/{rel}","templated":true}]}}