{"id":38,"date":"2024-07-23T13:11:51","date_gmt":"2024-07-23T13:11:51","guid":{"rendered":"https:\/\/colegiosantavictoria.cl\/newsite\/?page_id=38"},"modified":"2026-03-19T12:40:57","modified_gmt":"2026-03-19T12:40:57","slug":"nuestro-colegio","status":"publish","type":"page","link":"https:\/\/colegiosantavictoria.cl\/newsite\/nuestro-colegio\/","title":{"rendered":"Nuestro Colegio"},"content":{"rendered":"\n\n\n<h1>Nuestro Colegio<\/h1>\n\n\n\n<p class=\"p1\" style=\"margin-bottom: 6px; font-style: normal; font-variant: normal; font-kerning: auto; font-optical-sizing: auto; font-feature-settings: normal; font-variation-settings: normal; font-stretch: normal; font-size: medium; line-height: normal; font-family: Arial; color: rgb(11, 11, 11); -webkit-text-stroke-color: rgb(11, 11, 11); text-align: left;\"><span class=\"s2\" style=\"font-kerning: none;\"><span style=\"color:#0047b2;\"><span style=\"font-size: large;\"><strong>Visi\u00f3n Institucional&nbsp;<\/strong><\/span><\/span><span style=\"font-size: large;\"><strong><\/strong><\/span><br><br>Nuestro anhelo es brindar un servicio educacional \u00f3ptimo determinado por elevados est\u00e1ndares de calidad que favorezcan la formaci\u00f3n integral y el despliegue de los diversos intereses de nuestros alumnos. <\/br><\/br>Estamos comprometidos con la generaci\u00f3n de un aprendizaje efectivo y significativo, fundado en valores como la equidad y la tolerancia, el cual les permita a nuestros alumnos enfrentar los desaf\u00edos y requerimientos de un mundo cada vez m\u00e1s competitivo, globalizado y din\u00e1mico.<\/span><span class=\"s1\" style=\"font-kerning: none;\"><\/span><span class=\"s2\" style=\"font-weight: 400; font-kerning: none;\"><br><\/span><span class=\"s2\" style=\"font-weight: 400; font-kerning: none;\"><br><\/span><\/p>\n\n\nHistoria\n<p class=\"p1\" style=\"margin-bottom: 6px; font: 400 medium Arial; color: rgb(11, 11, 11); -webkit-text-stroke-color: rgb(11, 11, 11);\"><span class=\"s1\" style=\"font-kerning: none;\">La&nbsp;<b>Corporaci\u00f3n Educacional Santa Victoria de Pe\u00f1alol\u00e9n<\/b>&nbsp;fue fundada en el a\u00f1o&nbsp;<b>1981<\/b>, como expresi\u00f3n materializada de la vocaci\u00f3n y labor formadora de la profesora normalista Sra. Sonia Eliana Duran Araneda, como&nbsp;<b>Escuela b\u00e1sica N\u00ba 896 Santa Victoria<\/b>. &nbsp; En su etapa inicial, el establecimiento imparti\u00f3 educaci\u00f3n b\u00e1sica, sembrando a partir de entonces la semilla para el sostenido crecimiento que lo ha llevado a ocupar un lugar de primer orden dentro de los colegios de la comuna de Pe\u00f1alol\u00e9n.<\/span><span class=\"s2\" style=\"font-kerning: none;\"><br><br><\/span><span class=\"s1\" style=\"font-kerning: none;\">Con el paso de los a\u00f1os su proyecto se transformado abriendo sus puertas a la ense\u00f1anza pre b\u00e1sica y ense\u00f1anza media, adem\u00e1s de &nbsp;adherirse a la jornada escolar completa. En el a\u00f1o 2018 el ya Colegio Santa Victoria deja de ser un Colegio Particular subvencionado y se adhiere a la gratuidad, abriendo sus puertas educativas a toda la comunidad.<\/span><span class=\"s2\" style=\"font-kerning: none;\"><br><\/span><span class=\"s2\" style=\"font-kerning: none;\"><br><\/span><\/p>\n\n\n\n\n<p class=\"p1\" style=\"margin-bottom: 6px; font-style: normal; font-variant: normal; font-kerning: auto; font-optical-sizing: auto; font-feature-settings: normal; font-variation-settings: normal; font-stretch: normal; font-size: medium; line-height: normal; font-family: Arial; color: rgb(11, 11, 11); -webkit-text-stroke-color: rgb(11, 11, 11); text-align: left;\"><span class=\"s2\" style=\"font-kerning: none;\"><span style=\"color:#0047b2;\"><span style=\"font-size: large;\"><strong>Misi\u00f3n Institucional<\/strong><\/span><\/span><\/span><\/p>\n<p class=\"p1\" style=\"margin-bottom: 6px; font-style: normal; font-variant: normal; font-kerning: auto; font-optical-sizing: auto; font-feature-settings: normal; font-variation-settings: normal; font-stretch: normal; font-size: medium; line-height: normal; font-family: Arial; color: rgb(11, 11, 11); -webkit-text-stroke-color: rgb(11, 11, 11); text-align: left;\"><span class=\"s2\" style=\"font-kerning: none;\"><span style=\"color:#0047b2;\"><span style=\"font-size: large;\"><strong>&nbsp;<\/strong><\/span><\/span><span style=\"font-size: large;\"><strong><\/strong><\/span>Como Colegio Santa Victoria tenemos por misi\u00f3n potenciar y consolidar la formaci\u00f3n acad\u00e9mica y personal de nuestros estudiantes a trav\u00e9s de la participaci\u00f3n de toda la comunidad educativa. <br> <br>Adem\u00e1s, para favorecer el despliegue de procesos pedag\u00f3gicos de calidad bajo una mirada val\u00f3rica e integral tambi\u00e9n consideramos indispensable el desarrollo de las dimensiones vinculadas con lo deportivo y art\u00edstico.<br><br> De esta manera disponemos nuestros esfuerzos hacia la formaci\u00f3n de estudiantes que cuenten con las competencias exigidas por los nuevos desaf\u00edos inherentes a la sociedad actual.<\/span><span class=\"s1\" style=\"font-kerning: none;\"><\/span><span class=\"s2\" style=\"font-weight: 400; font-kerning: none;\"><br><\/span><span class=\"s2\" style=\"font-weight: 400; font-kerning: none;\"><br><\/span><\/p>\n\n\n\n\n\n\n\n<p>un mensaje a nuestra comunidad victoriana<\/p>\n\n\n\n<p><span style=\"color: rgb(34, 34, 34); font-family: Arial, Helvetica, sans-serif; font-size: small; letter-spacing: normal;\">Bienvenidos al sitio web del Colegio Santa Victoria. Es un honor para m\u00ed, como director, presentarles nuestro proyecto educativo, que tiene como eje central la formaci\u00f3n integral y acad\u00e9mica de nuestros estudiantes. En el Colegio Santa Victoria, creemos firmemente que cada ni\u00f1o y ni\u00f1a es \u00fanico y posee un potencial extraordinario que debemos cultivar<\/span>.<\/p>\n<span style=\"color: rgb(34, 34, 34); font-family: Arial, Helvetica, sans-serif; font-size: small; letter-spacing: normal; text-decoration-style: initial;\">Nuestro enfoque se basa en la educaci\u00f3n hol\u00edstica, donde no solo nos preocupamos por el desarrollo acad\u00e9mico, sino tambi\u00e9n por fomentar valores, habilidades sociales y emocionales. Nos esforzamos por crear un ambiente en el que nuestros estudiantes se sientan seguros, motivados y apoyados en su aprendizaje diario.<\/span><br style=\"color: rgb(34, 34, 34); font-family: Arial, Helvetica, sans-serif; font-size: small; letter-spacing: normal; text-decoration-style: initial;\"><br style=\"color: rgb(34, 34, 34); font-family: Arial, Helvetica, sans-serif; font-size: small; letter-spacing: normal; text-decoration-style: initial;\"><p><span style=\"color: rgb(34, 34, 34); font-family: Arial, Helvetica, sans-serif; font-size: small; letter-spacing: normal;\">La participaci\u00f3n activa de las familias es fundamental en nuestro proyecto. Valoramos la colaboraci\u00f3n entre el colegio y los hogares, ya que entendemos que el \u00e9xito de nuestros estudiantes se construye en conjunto. A lo largo del a\u00f1o, organizamos diversas actividades que invitan a las familias a ser parte de la vida escolar, fortaleciendo as\u00ed el v\u00ednculo entre la comunidad educativa.<\/span><\/p>\n<div style=\"color: rgb(34, 34, 34); font-family: Arial, Helvetica, sans-serif; font-size: small; letter-spacing: normal; text-decoration-style: initial;\">Adem\u00e1s, estamos comprometidos con preparar a nuestros estudiantes para los desaf\u00edos actuales de la sociedad y de nuestra comuna de Pe\u00f1alol\u00e9n. Implementamos programas que desarrollan habilidades cr\u00edticas, como el pensamiento cr\u00edtico, la creatividad y la resoluci\u00f3n de problemas, preparando a nuestros j\u00f3venes para ser ciudadanos responsables y proactivos.<br><br>Los invito a explorar nuestra web y descubrir m\u00e1s sobre nuestras iniciativas, actividades y el compromiso que tenemos con la educaci\u00f3n de calidad. Juntos, construyamos un futuro brillante para nuestros estudiantes.<br><\/div><div style=\"color: rgb(34, 34, 34); font-family: Arial, Helvetica, sans-serif; font-size: small; letter-spacing: normal; text-decoration-style: initial;\"><br><\/div><p><span style=\"color: rgb(34, 34, 34); font-family: Arial, Helvetica, sans-serif; font-size: small; letter-spacing: normal;\">Atte<\/span>.<\/p>\n<p>Sergio Fuenzalida L.<\/p>\n<p>Director Colegio Santa Victoria de Pe\u00f1alol\u00e9n<\/p>\n\n\n\n\n\n\n\n\n\n\n\n\n\n\n\n\n\n\n\n\n\n\n\n\n\n<p style=\"text-align: right; \"><span style=\"font-size: 20px; color: rgb(255, 255, 255);\"><strong style=\"line-height: 1;\">LOREM CORPORATE CEO<\/strong><\/span><\/p><p style=\"text-align: center;\"><span style=\"color: rgb(255, 255, 255);\">Duis aute irure dolor in reprehenderit in voluptate velit esse cillum dolore eu fugiat nulla pariatur. Excepteur sint occaecat cupidatat non proident, sunt in culpa qui officia deserunt mollit anim id est laborum.<\/span><\/p><p style=\"text-align: left;\"><sign>\u00a0 \u00a0 \u00a0 <span style=\"line-height: 2.0;\">Benn Marshall<\/span><\/sign><\/p>\n\n\nJuntos, construyamos un futuro brillante para nuestros estudiantes.<div><br><\/div>\n\n\n\n\n\n\n\n\n<span style=\"color: rgb(255, 255, 255); background-color: rgb(102, 163, 224);\">DESCARGA AQU\u00cd<\/span>\n\n\n\n\n\n\n\n\n\n\n\n\n\n\n","protected":false},"excerpt":{"rendered":"","protected":false},"author":1,"featured_media":0,"parent":0,"menu_order":0,"comment_status":"closed","ping_status":"closed","template":"","meta":{"pagelayer_contact_templates":[],"_pagelayer_content":"","footnotes":""},"class_list":["post-38","page","type-page","status-publish","hentry"],"_links":{"self":[{"href":"https:\/\/colegiosantavictoria.cl\/newsite\/wp-json\/wp\/v2\/pages\/38","targetHints":{"allow":["GET"]}}],"collection":[{"href":"https:\/\/colegiosantavictoria.cl\/newsite\/wp-json\/wp\/v2\/pages"}],"about":[{"href":"https:\/\/colegiosantavictoria.cl\/newsite\/wp-json\/wp\/v2\/types\/page"}],"author":[{"embeddable":true,"href":"https:\/\/colegiosantavictoria.cl\/newsite\/wp-json\/wp\/v2\/users\/1"}],"replies":[{"embeddable":true,"href":"https:\/\/colegiosantavictoria.cl\/newsite\/wp-json\/wp\/v2\/comments?post=38"}],"version-history":[{"count":37,"href":"https:\/\/colegiosantavictoria.cl\/newsite\/wp-json\/wp\/v2\/pages\/38\/revisions"}],"predecessor-version":[{"id":918,"href":"https:\/\/colegiosantavictoria.cl\/newsite\/wp-json\/wp\/v2\/pages\/38\/revisions\/918"}],"wp:attachment":[{"href":"https:\/\/colegiosantavictoria.cl\/newsite\/wp-json\/wp\/v2\/media?parent=38"}],"curies":[{"name":"wp","href":"https:\/\/api.w.org\/{rel}","templated":true}]}}