{"id":27,"date":"2021-01-14T13:20:42","date_gmt":"2021-01-14T13:20:42","guid":{"rendered":"https:\/\/colegiosantavictoria.cl\/newsite\/home\/"},"modified":"2026-03-13T14:10:48","modified_gmt":"2026-03-13T14:10:48","slug":"home","status":"publish","type":"page","link":"https:\/\/colegiosantavictoria.cl\/newsite\/","title":{"rendered":"Inicio"},"content":{"rendered":"\n\n\nAdmisi\u00f3n 2026\n\n<p><strong><a href=\"https:\/\/www.sistemadeadmisionescolar.cl\/\"><\/a><\/strong><\/p>\n<p style=\"color: rgb(34, 34, 34); font-family: Arial, Helvetica, sans-serif; font-size: small; font-style: normal; font-variant-ligatures: normal; font-variant-caps: normal;\"><strong><\/strong><\/p><span style=\"font-size:medium;\"><p style=\"color: rgb(34, 34, 34); font-family: Arial, Helvetica, sans-serif; font-style: normal; font-variant-ligatures: normal; font-variant-caps: normal;\"><br><\/p><p style=\"color: rgb(34, 34, 34); font-family: Arial, Helvetica, sans-serif; font-style: normal; font-variant-ligatures: normal; font-variant-caps: normal;\">Si deseas cambiarte o incorporarte al Colegio Santa Victoria de Pe\u00f1alol\u00e9n durante el a\u00f1o 2026, debes solicitar una vacante a trav\u00e9s de&nbsp;<strong>\u201cAn\u00f3tate en la Lista\u201d<\/strong>, plataforma oficial del&nbsp;<strong>Sistema de Admisi\u00f3n Escolar (SAE)<\/strong>&nbsp;del Ministerio de Educaci\u00f3n. Esta lista de espera es 100 % online y es el \u00fanico medio v\u00e1lido para solicitar cupos durante el a\u00f1o.<\/p><p style=\"color: rgb(34, 34, 34); font-family: Arial, Helvetica, sans-serif; font-style: normal; font-variant-ligatures: normal; font-variant-caps: normal;\">Paralelamente, te invitamos a completar el formulario disponible en el siguiente enlace, el cual nos permitir\u00e1 contar con tus datos de contacto para entregarte orientaci\u00f3n y mantener comunicaci\u00f3n contigo durante el proceso.<\/p><p style=\"color: rgb(34, 34, 34); font-family: Arial, Helvetica, sans-serif; font-style: normal; font-variant-ligatures: normal; font-variant-caps: normal;\">&nbsp;<strong>Solicita tu vacante en \u201cAn\u00f3tate en la Lista\u201d haciendo clic&nbsp;<a href=\"https:\/\/registropublicodigital.mineduc.gob.cl\/rpd-app-registro-apoderado\/login\" target=\"_blank\" data-saferedirecturl=\"https:\/\/www.google.com\/url?q=https:\/\/registropublicodigital.mineduc.gob.cl\/rpd-app-registro-apoderado\/login&amp;source=gmail&amp;ust=1768412340189000&amp;usg=AOvVaw0y4336n464n7RBxPuQOcKD\" style=\"color: rgb(17, 85, 204);\">aqu\u00ed<\/a><\/strong><br><strong>Completa el formulario de contacto&nbsp;<a href=\"https:\/\/forms.gle\/R3MYYDQGWQXbPi6J9\" target=\"_blank\" data-saferedirecturl=\"https:\/\/www.google.com\/url?q=https:\/\/forms.gle\/R3MYYDQGWQXbPi6J9&amp;source=gmail&amp;ust=1768412340189000&amp;usg=AOvVaw1vyYEtpAUieruigQniB75m\" style=\"color: rgb(17, 85, 204);\">aqu\u00ed<\/a><\/strong><\/p><\/span>\n<span style=\"font-size:medium;\"><p style=\"color: rgb(34, 34, 34); font-family: Arial, Helvetica, sans-serif; font-style: normal; font-variant-ligatures: normal; font-variant-caps: normal;\"><strong><a href=\"https:\/\/forms.gle\/R3MYYDQGWQXbPi6J9\" target=\"_blank\" data-saferedirecturl=\"https:\/\/www.google.com\/url?q=https:\/\/forms.gle\/R3MYYDQGWQXbPi6J9&amp;source=gmail&amp;ust=1768412340189000&amp;usg=AOvVaw1vyYEtpAUieruigQniB75m\" style=\"color: rgb(17, 85, 204);\"><\/a><\/strong><\/p><blockquote style=\"color: rgb(34, 34, 34); font-family: Arial, Helvetica, sans-serif; font-variant-ligatures: normal; font-variant-caps: normal;\"><p style=\"\"><em style=\"\"><strong>Importante: completar el formulario de contacto no reemplaza la postulaci\u00f3n en el SAE ni asegura la asignaci\u00f3n de un cupo.<\/strong><\/em><\/p><\/blockquote><\/span><blockquote style=\"color: rgb(34, 34, 34); font-family: Arial, Helvetica, sans-serif; font-size: small; font-style: normal; font-variant-ligatures: normal; font-variant-caps: normal; font-weight: 400;\"><\/blockquote>\n\n\n<p>Lorem Ipsum has been the industry&#8217;s standard dummy text ever since the 1500s.<\/p>\n\n\n\n\n<p>Lorem Ipsum has been the industry&#8217;s standard dummy text ever since the 1500s.<\/p>\n\n\nNuestra Propuesta Educativa\nNuestra Propuesta Educativa\n\n<p [object=\"\" namednodemap]=\"\">Colegio Santa Victoria de Pe\u00f1alol\u00e9n es una comunidad dedicada a la educaci\u00f3n de ni\u00f1os y ni\u00f1as con\ndiversidad de intereses acad\u00e9micos, fundamentando en ello las principales caracter\u00edsticas de su\nformaci\u00f3n pedag\u00f3gica y humana, destacando por sobre todo la figura de la persona como un ser\n\u00edntegro, libre y responsable ante s\u00ed, su familia y la comunidad.<\/p>\n<p [object=\"\" namednodemap]=\"\">\nNos definimos como una entidad educativa cient\u00edfico humanista, por lo que dentro de nuestros\nobjetivos fundamentales tambi\u00e9n se encuentra entregar los elementos necesarios para que el ni\u00f1o\npueda enfrentar sin mayor inconveniente la educaci\u00f3n superior.<\/p>\n\n\n\n\nNuestras Instalaciones\n\n\n\n<p [object=\"\" namednodemap]=\"\">Ubicada en Calle Vasco de Gama 6157, atiende a los niveles Pre Kinder y Kinder.<\/p>\n\n\n<p [object=\"\" namednodemap]=\"\">Nuestro edificio hist\u00f3rico ubicada en calle Cruz Almeyda 830, atiende desde 1\u00ba a 8\u00ba b\u00e1sico.<\/p>\n\n\n<p>Ubicada en calle Pedro Rico 6120, atiende desde I\u00ba a IV\u00ba Medio, adem\u00e1s de contener las oficinas administrativas de la corporaci\u00f3n.<\/p>\n\n\n\n\n\n\nponte en contacto con nosotros\n\n<p><span style=\"font-size: 14px; text-align: center; font-style: inherit; font-variant-ligatures: inherit; font-variant-caps: inherit; font-weight: inherit;\">Si tienes dudas o consultas no dudes en ponerte en contacto con nosotros para orientarte en el proceso<\/span>.&nbsp;<\/p>\n\n\n\n\n\nNuestros Talleres\n\n\n\n\n\n<p>Lorem Ipsum has been the industry&#8217;s standard dummy text ever since the 1500s.<\/p>\n<p>Lorem Ipsum has been the industry&#8217;s standard dummy text ever since the 1500s.<\/p>\n<p>Lorem Ipsum has been the industry&#8217;s standard dummy text ever since the 1500s.<\/p>\n\n\n<p>Lorem Ipsum has been the industry&#8217;s standard dummy text ever since the 1500s.<\/p>\n<p>Lorem Ipsum has been the industry&#8217;s standard dummy text ever since the 1500s.<\/p>\n<p>Lorem Ipsum has been the industry&#8217;s standard dummy text ever since the 1500s.<\/p>\n\n\n\n\n\n\n\n\n\n\n\n\n\n\n\n\n\n\n\n\n\nTestimonios\n\n\n\n\n\n<p><p class=\"text-base\"><span style=\"font-size: inherit; font-style: inherit; font-variant-ligatures: inherit; font-variant-caps: inherit;\">El colegio logra un equilibrio admirable,  <\/span><strong style=\"font-family: muli;\">reconociendo la individualidad y a la vez la diversidad de la comunidad escolar<\/strong><span style=\"font-size: inherit; font-style: inherit; font-variant-ligatures: inherit; font-variant-caps: inherit;\">.  Cada ni\u00f1o es valorado por quien es y se fomenta el respeto por las diferencias<\/span><span style=\"font-style: inherit; font-variant-ligatures: inherit; font-variant-caps: inherit; font-size: 14px;\">.<\/span><\/p><\/p>\n\n\n<p><span style=\"font-family: inherit; font-size: inherit; font-style: inherit; font-variant-ligatures: inherit; font-variant-caps: inherit; font-weight: inherit;\">Lo m\u00e1s importante es que, pase lo que pase, sabemos que nos apoyan.  No solo se enfocan en lo acad\u00e9mico, sino que tambi\u00e9n se ocupan de lo emocional, creando un ambiente seguro y confiable para todos<\/span><span style=\"font-size: 14px\">.&nbsp;<\/span><\/p>\n\n\n<p><span style=\"font-family: inherit; font-size: inherit; font-style: inherit; font-variant-ligatures: inherit; font-variant-caps: inherit; font-weight: inherit;\">Me siento profundamente agradecida de saber que ayudo a construir un futuro mejor, me llena de orgullo y satisfacci\u00f3n. El Colegio es mucho m\u00e1s que mi trabajo, es mi pasi\u00f3n, mi compromiso y, sin duda alguna, mi segundo hogar<\/span><span style=\"font-size: 14px\">.&nbsp;<\/span><\/p>\n\n\n\n\n","protected":false},"excerpt":{"rendered":"","protected":false},"author":0,"featured_media":0,"parent":0,"menu_order":0,"comment_status":"closed","ping_status":"closed","template":"","meta":{"pagelayer_contact_templates":[],"_pagelayer_content":"","footnotes":""},"class_list":["post-27","page","type-page","status-publish","hentry"],"_links":{"self":[{"href":"https:\/\/colegiosantavictoria.cl\/newsite\/wp-json\/wp\/v2\/pages\/27","targetHints":{"allow":["GET"]}}],"collection":[{"href":"https:\/\/colegiosantavictoria.cl\/newsite\/wp-json\/wp\/v2\/pages"}],"about":[{"href":"https:\/\/colegiosantavictoria.cl\/newsite\/wp-json\/wp\/v2\/types\/page"}],"replies":[{"embeddable":true,"href":"https:\/\/colegiosantavictoria.cl\/newsite\/wp-json\/wp\/v2\/comments?post=27"}],"version-history":[{"count":41,"href":"https:\/\/colegiosantavictoria.cl\/newsite\/wp-json\/wp\/v2\/pages\/27\/revisions"}],"predecessor-version":[{"id":908,"href":"https:\/\/colegiosantavictoria.cl\/newsite\/wp-json\/wp\/v2\/pages\/27\/revisions\/908"}],"wp:attachment":[{"href":"https:\/\/colegiosantavictoria.cl\/newsite\/wp-json\/wp\/v2\/media?parent=27"}],"curies":[{"name":"wp","href":"https:\/\/api.w.org\/{rel}","templated":true}]}}