{"id":26,"date":"2021-01-14T13:20:42","date_gmt":"2021-01-14T13:20:42","guid":{"rendered":"https:\/\/colegiosantavictoria.cl\/newsite\/about\/"},"modified":"2026-01-16T01:03:49","modified_gmt":"2026-01-16T01:03:49","slug":"admision","status":"publish","type":"page","link":"https:\/\/colegiosantavictoria.cl\/newsite\/admision\/","title":{"rendered":"Admisi\u00f3n"},"content":{"rendered":"\n\n\nAdmisi\u00f3n 2026\n\n\n\n\n\nAdmisi\u00f3n 2026\nPostula a trav\u00e9s del Sistema de Admisi\u00f3n Escolar SAE\n\n<p style=\"color: rgb(34, 34, 34); font-family: Arial, Helvetica, sans-serif; font-size: small; font-style: normal; font-variant-ligatures: normal; font-variant-caps: normal;\"><strong><\/strong><\/p><span style=\"font-size:medium;\"><p style=\"color: rgb(34, 34, 34); font-family: Arial, Helvetica, sans-serif; font-style: normal; font-variant-ligatures: normal; font-variant-caps: normal;\"><br><\/p><p style=\"color: rgb(34, 34, 34); font-family: Arial, Helvetica, sans-serif; font-style: normal; font-variant-ligatures: normal; font-variant-caps: normal;\">Si deseas cambiarte o incorporarte al Colegio Santa Victoria de Pe\u00f1alol\u00e9n durante el a\u00f1o 2026, debes solicitar una vacante a trav\u00e9s de&nbsp;<strong>\u201cAn\u00f3tate en la Lista\u201d<\/strong>, plataforma oficial del&nbsp;<strong>Sistema de Admisi\u00f3n Escolar (SAE)<\/strong>&nbsp;del Ministerio de Educaci\u00f3n. Esta lista de espera es 100 % online y es el \u00fanico medio v\u00e1lido para solicitar cupos durante el a\u00f1o.<\/p><\/span>\n<span style=\"font-size:medium;\"><p style=\"color: rgb(34, 34, 34); font-family: Arial, Helvetica, sans-serif; font-style: normal; font-variant-ligatures: normal; font-variant-caps: normal;\">Paralelamente, te invitamos a completar el formulario disponible en el siguiente enlace, el cual nos permitir\u00e1 contar con tus datos de contacto para entregarte orientaci\u00f3n y mantener comunicaci\u00f3n contigo durante el proceso.<\/p><\/span>\n<span style=\"font-size:medium;\"><p style=\"color: rgb(34, 34, 34); font-family: Arial, Helvetica, sans-serif; font-style: normal; font-variant-ligatures: normal; font-variant-caps: normal;\">&nbsp;<strong>Solicita tu vacante en \u201cAn\u00f3tate en la Lista\u201d haciendo clic&nbsp;<a href=\"https:\/\/registropublicodigital.mineduc.gob.cl\/rpd-app-registro-apoderado\/login\" target=\"_blank\" data-saferedirecturl=\"https:\/\/www.google.com\/url?q=https:\/\/registropublicodigital.mineduc.gob.cl\/rpd-app-registro-apoderado\/login&amp;source=gmail&amp;ust=1768057073343000&amp;usg=AOvVaw0npjsTCJQaVrJQboW9zOfb\" style=\"color: rgb(17, 85, 204);\">aqu\u00ed<\/a><\/strong><br><strong>Completa el formulario de contacto&nbsp;<a href=\"https:\/\/forms.gle\/R3MYYDQGWQXbPi6J9\" target=\"_blank\" data-saferedirecturl=\"https:\/\/www.google.com\/url?q=https:\/\/forms.gle\/R3MYYDQGWQXbPi6J9&amp;source=gmail&amp;ust=1768057073343000&amp;usg=AOvVaw21QiCBibIT2W8sLWrY4Tsa\" style=\"color: rgb(17, 85, 204);\">aqu\u00ed<\/a><\/strong><\/p><\/span>\n<span style=\"font-size:medium;\"><em><p style=\"color: rgb(34, 34, 34); font-family: Arial, Helvetica, sans-serif; font-variant-ligatures: normal; font-variant-caps: normal;\"><strong><a href=\"https:\/\/forms.gle\/R3MYYDQGWQXbPi6J9\" target=\"_blank\" data-saferedirecturl=\"https:\/\/www.google.com\/url?q=https:\/\/forms.gle\/R3MYYDQGWQXbPi6J9&amp;source=gmail&amp;ust=1768057073343000&amp;usg=AOvVaw21QiCBibIT2W8sLWrY4Tsa\" style=\"color: rgb(17, 85, 204);\"><\/a><\/strong><\/p><blockquote style=\"color: rgb(34, 34, 34); font-family: Arial, Helvetica, sans-serif; font-variant-ligatures: normal; font-variant-caps: normal;\"><p style=\"\"><strong style=\"\">Importante: <\/strong>completar el formulario de contacto no reemplaza la postulaci\u00f3n en el SAE ni asegura la asignaci\u00f3n de un cupo.<\/p><\/blockquote><\/em><\/span><blockquote style=\"color: rgb(34, 34, 34); font-family: Arial, Helvetica, sans-serif; font-size: small; font-style: normal; font-variant-ligatures: normal; font-variant-caps: normal; font-weight: 400;\"><\/blockquote>\n\n\n\n\n\n\n\n\n\n\n\n\n\nAdmisi\u00f3n 2026\nPostula a trav\u00e9s del Sistema de Admisi\u00f3n Escolar SAE\n\n<p>Si desea postular a un establecimiento para incorporarse en el a\u00f1o 2026, debe participar del Sistema de Admisi\u00f3n Escolar <strong><a href=\"https:\/\/www.sistemadeadmisionescolar.cl\/\">HACIENDO CLICK AQU\u00cd<\/a><\/strong><\/p>\n\n\n\n\nPonte en contacto con nosotros\n\n<p style=\"text-align: center;font-size: 14px\">Si tienes dudas o consultas no dudes en ponerte en contacto con nosotros para orientarte en el proceso.&nbsp;<\/p>\n\n\n\n","protected":false},"excerpt":{"rendered":"","protected":false},"author":0,"featured_media":0,"parent":0,"menu_order":0,"comment_status":"closed","ping_status":"closed","template":"","meta":{"pagelayer_contact_templates":[],"_pagelayer_content":"","footnotes":""},"class_list":["post-26","page","type-page","status-publish","hentry"],"_links":{"self":[{"href":"https:\/\/colegiosantavictoria.cl\/newsite\/wp-json\/wp\/v2\/pages\/26","targetHints":{"allow":["GET"]}}],"collection":[{"href":"https:\/\/colegiosantavictoria.cl\/newsite\/wp-json\/wp\/v2\/pages"}],"about":[{"href":"https:\/\/colegiosantavictoria.cl\/newsite\/wp-json\/wp\/v2\/types\/page"}],"replies":[{"embeddable":true,"href":"https:\/\/colegiosantavictoria.cl\/newsite\/wp-json\/wp\/v2\/comments?post=26"}],"version-history":[{"count":19,"href":"https:\/\/colegiosantavictoria.cl\/newsite\/wp-json\/wp\/v2\/pages\/26\/revisions"}],"predecessor-version":[{"id":864,"href":"https:\/\/colegiosantavictoria.cl\/newsite\/wp-json\/wp\/v2\/pages\/26\/revisions\/864"}],"wp:attachment":[{"href":"https:\/\/colegiosantavictoria.cl\/newsite\/wp-json\/wp\/v2\/media?parent=26"}],"curies":[{"name":"wp","href":"https:\/\/api.w.org\/{rel}","templated":true}]}}