{"id":241,"date":"2025-06-02T14:04:53","date_gmt":"2025-06-02T14:04:53","guid":{"rendered":"https:\/\/colegiosantavictoria.cl\/newsite\/?page_id=241"},"modified":"2026-02-25T17:14:23","modified_gmt":"2026-02-25T17:14:23","slug":"convivencia-escolar","status":"publish","type":"page","link":"https:\/\/colegiosantavictoria.cl\/newsite\/convivencia-escolar\/","title":{"rendered":"Convivencia Escolar"},"content":{"rendered":"\n\n\n<br>\n\n\n<p><span style=\"color: rgb(246, 246, 246); font-size: 28px; font-weight: 600; text-align: center; font-family: inherit; font-style: inherit; font-variant-ligatures: inherit; font-variant-caps: inherit;\"><\/span><span  color: rgb(76, 137, 177); font-size: 28px; font-weight: 600; text-align: center; font-family: inherit; font-style: inherit; font-variant-ligatures: inherit; font-variant-caps: inherit;\">Convivencia Escolar<\/span><\/p>\n<p><span style=\"background-color: rgb(255, 255, 255); color: rgb(76, 137, 177); font-size: 28px; font-weight: 600; text-align: center; font-family: inherit; font-style: inherit; font-variant-ligatures: inherit; font-variant-caps: inherit;\"><\/span><span style=\"font-size: inherit; font-style: inherit; font-variant-ligatures: inherit; font-variant-caps: inherit; font-weight: inherit;\">Nuestro equipo promueve un ambiente seguro, respetuoso e inclusivo. Prevenimos y abordamos conflictos, fomentamos el buen trato y trabajamos en el desarrollo de habilidades socioemocionales y valores como el respeto, la empat\u00eda, honestidad y la responsabilidad.  <br><br>Promovemos especialmente la asistencia regular de los estudiantes y la colaboraci\u00f3n activa de las familias, fundamentales para una convivencia escolar positiva y el desarrollo integral de ni\u00f1os, ni\u00f1as y j\u00f3venes.<br><br><\/span><\/p>\n\n<p><\/p>\n\n\n\n\n\n\n\n\n\n\n\n\n","protected":false},"excerpt":{"rendered":"","protected":false},"author":1,"featured_media":0,"parent":0,"menu_order":0,"comment_status":"closed","ping_status":"closed","template":"","meta":{"pagelayer_contact_templates":[],"_pagelayer_content":"","footnotes":""},"class_list":["post-241","page","type-page","status-publish","hentry"],"_links":{"self":[{"href":"https:\/\/colegiosantavictoria.cl\/newsite\/wp-json\/wp\/v2\/pages\/241","targetHints":{"allow":["GET"]}}],"collection":[{"href":"https:\/\/colegiosantavictoria.cl\/newsite\/wp-json\/wp\/v2\/pages"}],"about":[{"href":"https:\/\/colegiosantavictoria.cl\/newsite\/wp-json\/wp\/v2\/types\/page"}],"author":[{"embeddable":true,"href":"https:\/\/colegiosantavictoria.cl\/newsite\/wp-json\/wp\/v2\/users\/1"}],"replies":[{"embeddable":true,"href":"https:\/\/colegiosantavictoria.cl\/newsite\/wp-json\/wp\/v2\/comments?post=241"}],"version-history":[{"count":8,"href":"https:\/\/colegiosantavictoria.cl\/newsite\/wp-json\/wp\/v2\/pages\/241\/revisions"}],"predecessor-version":[{"id":881,"href":"https:\/\/colegiosantavictoria.cl\/newsite\/wp-json\/wp\/v2\/pages\/241\/revisions\/881"}],"wp:attachment":[{"href":"https:\/\/colegiosantavictoria.cl\/newsite\/wp-json\/wp\/v2\/media?parent=241"}],"curies":[{"name":"wp","href":"https:\/\/api.w.org\/{rel}","templated":true}]}}